{"id":4692,"date":"2022-08-16T09:19:46","date_gmt":"2022-08-16T14:19:46","guid":{"rendered":"https:\/\/schools.risd.org\/MarkTwainES\/?page_id=4692"},"modified":"2022-08-16T09:43:18","modified_gmt":"2022-08-16T14:43:18","slug":"uniform-policy","status":"publish","type":"page","link":"https:\/\/schools.risd.org\/MarkTwainES\/uniform-policy\/","title":{"rendered":"Uniform Policy"},"content":{"rendered":"\t\t<div data-elementor-type=\"wp-page\" data-elementor-id=\"4692\" class=\"elementor elementor-4692\" data-elementor-post-type=\"page\">\n\t\t\t\t\t\t<section class=\"elementor-section elementor-top-section elementor-element elementor-element-df1d851 elementor-section-boxed elementor-section-height-default elementor-section-height-default\" data-id=\"df1d851\" data-element_type=\"section\" data-e-type=\"section\">\n\t\t\t\t\t\t<div class=\"elementor-container elementor-column-gap-default\">\n\t\t\t\t\t<div class=\"elementor-column elementor-col-100 elementor-top-column elementor-element elementor-element-5813e1c\" data-id=\"5813e1c\" data-element_type=\"column\" data-e-type=\"column\">\n\t\t\t<div class=\"elementor-widget-wrap elementor-element-populated\">\n\t\t\t\t\t\t<div class=\"elementor-element elementor-element-2c989f5 elementor-widget elementor-widget-heading\" data-id=\"2c989f5\" data-element_type=\"widget\" data-e-type=\"widget\" data-widget_type=\"heading.default\">\n\t\t\t\t<div class=\"elementor-widget-container\">\n\t\t\t\t\t<h2 class=\"elementor-heading-title elementor-size-default\">Mark Twain Elementary School Uniform Policy Overview<\/h2>\t\t\t\t<\/div>\n\t\t\t\t<\/div>\n\t\t\t\t\t<\/div>\n\t\t<\/div>\n\t\t\t\t\t<\/div>\n\t\t<\/section>\n\t\t\t\t<section class=\"elementor-section elementor-top-section elementor-element elementor-element-c5578b6 elementor-section-boxed elementor-section-height-default elementor-section-height-default\" data-id=\"c5578b6\" data-element_type=\"section\" data-e-type=\"section\">\n\t\t\t\t\t\t<div class=\"elementor-container elementor-column-gap-default\">\n\t\t\t\t\t<div class=\"elementor-column elementor-col-100 elementor-top-column elementor-element elementor-element-b7fedeb\" data-id=\"b7fedeb\" data-element_type=\"column\" data-e-type=\"column\">\n\t\t\t<div class=\"elementor-widget-wrap elementor-element-populated\">\n\t\t\t\t\t\t<div class=\"elementor-element elementor-element-eb0bef3 elementor-widget elementor-widget-image\" data-id=\"eb0bef3\" data-element_type=\"widget\" data-e-type=\"widget\" data-widget_type=\"image.default\">\n\t\t\t\t<div class=\"elementor-widget-container\">\n\t\t\t\t\t\t\t\t\t\t\t\t\t\t\t<img decoding=\"async\" width=\"124\" height=\"263\" src=\"https:\/\/schools.risd.org\/MarkTwainES\/wp-content\/uploads\/sites\/33\/2022\/08\/Uniform-Policy-Photo.png\" class=\"attachment-medium_large size-medium_large wp-image-4694\" alt=\"Uniform Policy Photo\" \/>\t\t\t\t\t\t\t\t\t\t\t\t\t\t\t<\/div>\n\t\t\t\t<\/div>\n\t\t\t\t\t<\/div>\n\t\t<\/div>\n\t\t\t\t\t<\/div>\n\t\t<\/section>\n\t\t\t\t<section class=\"elementor-section elementor-top-section elementor-element elementor-element-683ff65 elementor-section-boxed elementor-section-height-default elementor-section-height-default\" data-id=\"683ff65\" data-element_type=\"section\" data-e-type=\"section\">\n\t\t\t\t\t\t<div class=\"elementor-container elementor-column-gap-default\">\n\t\t\t\t\t<div class=\"elementor-column elementor-col-100 elementor-top-column elementor-element elementor-element-1d8f24c\" data-id=\"1d8f24c\" data-element_type=\"column\" data-e-type=\"column\">\n\t\t\t<div class=\"elementor-widget-wrap elementor-element-populated\">\n\t\t\t\t\t\t<div class=\"elementor-element elementor-element-a2703da elementor-widget elementor-widget-text-editor\" data-id=\"a2703da\" data-element_type=\"widget\" data-e-type=\"widget\" data-widget_type=\"text-editor.default\">\n\t\t\t\t<div class=\"elementor-widget-container\">\n\t\t\t\t\t\t\t\t\t<p>The Mark Twain Parents have voted to have a uniform. Children are to wear white, navy, or maroon tops. The bottoms are Khaki or navy blue. Girls may also wear jumpers or skirts that are no shorter than fingertip length. Tennis shoes are highly recommended for safety.<\/p><p>La asociaci\u00f3n de padres ha votado y decidido que los estudiantes usen el uniforme. Los alumnos deber\u00e1n usar camisas o camisetas de color blanco, azul marino o marr\u00f3n (color vino). Los pantalones pueden ser de color beige (kaki) o azul marino. Las ni\u00f1as tambi\u00e9n pueden usar jumper o faldas pero que no sean m\u00e1s cortas que a lo que extiendan los brazos con los dedos estirados a cada lado del cuerpo. Por seguridad se recomienda el uso de los zapatos tenis. <\/p>\t\t\t\t\t\t\t\t<\/div>\n\t\t\t\t<\/div>\n\t\t\t\t\t<\/div>\n\t\t<\/div>\n\t\t\t\t\t<\/div>\n\t\t<\/section>\n\t\t\t\t<section class=\"elementor-section elementor-top-section elementor-element elementor-element-fb47261 elementor-section-boxed elementor-section-height-default elementor-section-height-default\" data-id=\"fb47261\" data-element_type=\"section\" data-e-type=\"section\">\n\t\t\t\t\t\t<div class=\"elementor-container elementor-column-gap-default\">\n\t\t\t\t\t<div class=\"elementor-column elementor-col-50 elementor-top-column elementor-element elementor-element-5d18285\" data-id=\"5d18285\" data-element_type=\"column\" data-e-type=\"column\">\n\t\t\t<div class=\"elementor-widget-wrap elementor-element-populated\">\n\t\t\t\t\t\t<div class=\"elementor-element elementor-element-cb44731 elementor-widget elementor-widget-text-editor\" data-id=\"cb44731\" data-element_type=\"widget\" data-e-type=\"widget\" data-widget_type=\"text-editor.default\">\n\t\t\t\t<div class=\"elementor-widget-container\">\n\t\t\t\t\t\t\t\t\t<ul><li><strong><u>Shirts, Tops<\/u><\/strong>: in White, Navy, or Maroon with a collar<\/li><li><strong><u>Jackets, Sweaters<\/u><\/strong>: in White, Navy, or Maroon<\/li><li><em><u>No designs or logos<\/u><\/em> on the uniform<\/li><li><strong><u>Pants\/shorts<\/u><\/strong>: khaki or navy blue<\/li><li><strong><u>Skirts\/shorts\/jumpers<\/u><\/strong>: fingertip length<\/li><li><strong><u>Closed toe shoes<\/u><\/strong> and socks<\/li><li><strong><u>FRIDAYS<\/u><\/strong>: Spirit Day<ul><li><u style=\"font-style: inherit; font-weight: inherit;\">Uniforms<\/u><span style=\"font-size: 16px;\"> or <\/span><u style=\"font-style: inherit; font-weight: inherit;\">JEANS with <\/u><u style=\"font-style: inherit; font-weight: inherit;\">Mark <\/u><u style=\"font-style: inherit; font-weight: inherit;\">Twain Elementary spirit shirt<\/u><\/li><\/ul><\/li><\/ul>\t\t\t\t\t\t\t\t<\/div>\n\t\t\t\t<\/div>\n\t\t\t\t<div class=\"elementor-element elementor-element-bb922ed elementor-widget elementor-widget-heading\" data-id=\"bb922ed\" data-element_type=\"widget\" data-e-type=\"widget\" data-widget_type=\"heading.default\">\n\t\t\t\t<div class=\"elementor-widget-container\">\n\t\t\t\t\t<h2 class=\"elementor-heading-title elementor-size-default\">Per RISD Dress Code:<\/h2>\t\t\t\t<\/div>\n\t\t\t\t<\/div>\n\t\t\t\t<div class=\"elementor-element elementor-element-1d089f1 elementor-widget elementor-widget-text-editor\" data-id=\"1d089f1\" data-element_type=\"widget\" data-e-type=\"widget\" data-widget_type=\"text-editor.default\">\n\t\t\t\t<div class=\"elementor-widget-container\">\n\t\t\t\t\t\t\t\t\t<p>Students may not wear any article of clothing, accessory, or body art that:<\/p><ul><li>is offensively lewd, obscene, or indecent<\/li><li>promotes, advertises, or depicts tobacco products, alcoholic beverages, drugs or illegal drug use, or other prohibited substances or activities<\/li><li>advocates imminent lawless action; or<\/li><li>creates reasonable cause to believe that the clothing, accessory, or body art would result in material and substantial interference with or disruption of school activities or the rights of others.<\/li><\/ul>\t\t\t\t\t\t\t\t<\/div>\n\t\t\t\t<\/div>\n\t\t\t\t\t<\/div>\n\t\t<\/div>\n\t\t\t\t<div class=\"elementor-column elementor-col-50 elementor-top-column elementor-element elementor-element-7529e69\" data-id=\"7529e69\" data-element_type=\"column\" data-e-type=\"column\">\n\t\t\t<div class=\"elementor-widget-wrap elementor-element-populated\">\n\t\t\t\t\t\t<div class=\"elementor-element elementor-element-6898745 elementor-widget elementor-widget-text-editor\" data-id=\"6898745\" data-element_type=\"widget\" data-e-type=\"widget\" data-widget_type=\"text-editor.default\">\n\t\t\t\t<div class=\"elementor-widget-container\">\n\t\t\t\t\t\t\t\t\t<ul><li><strong><u>Camisetas, Camisas<\/u><\/strong>: de color blanco, azul marino, o marr\u00f3n (color vino) con cuello<\/li><li><strong><u>Chaquetas, Su\u00e9teres<\/u><\/strong>: de color blanco, azul marino, o marr\u00f3n (color vino)<\/li><li><em><u>No dise\u00f1os o logos <\/u><\/em>en el uniforme<\/li><li><strong><u>Pantalones\/shorts<\/u><\/strong>: <u>beige<\/u> o <u>azul marino<\/u><\/li><li><strong><u>Faldas\/shorts\/jumperes<\/u><\/strong>: No m\u00e1s cortos que los dedos estirados al lado del cuerpo<\/li><li><strong><u>Zapatos cerrados <\/u><\/strong>y calcetines<\/li><li><strong><u>VIERNES<\/u><\/strong>: Spirit Day<ul><li><u style=\"font-style: inherit; font-weight: inherit;\">Uniforme<\/u> <em style=\"font-size: 16px;\">o<\/em> <u style=\"font-style: inherit; font-weight: inherit;\">jeans con la camiseta de Mark Twain<\/u><\/li><\/ul><\/li><\/ul>\t\t\t\t\t\t\t\t<\/div>\n\t\t\t\t<\/div>\n\t\t\t\t<div class=\"elementor-element elementor-element-2a36bdd elementor-widget elementor-widget-heading\" data-id=\"2a36bdd\" data-element_type=\"widget\" data-e-type=\"widget\" data-widget_type=\"heading.default\">\n\t\t\t\t<div class=\"elementor-widget-container\">\n\t\t\t\t\t<h2 class=\"elementor-heading-title elementor-size-default\">Del C\u00f3digo de Vestimenta de RISD:<\/h2>\t\t\t\t<\/div>\n\t\t\t\t<\/div>\n\t\t\t\t<div class=\"elementor-element elementor-element-53933bf elementor-widget elementor-widget-text-editor\" data-id=\"53933bf\" data-element_type=\"widget\" data-e-type=\"widget\" data-widget_type=\"text-editor.default\">\n\t\t\t\t<div class=\"elementor-widget-container\">\n\t\t\t\t\t\t\t\t\t<p>Los estudiantes no deben usar o exhibir ninguna prenda de vestir, accesorio o arte corporal que:<\/p><ul><li>sea ofensivo de manera imp\u00fadica, obsceno o indecente;<\/li><li>promueva, publicite o muestre productos del tabaco, bebidas alcoh\u00f3licas, drogas o su consumo ilegal u otras sustancias o actividades prohibidas;<\/li><li>promueva una acci\u00f3n ilegal inminente, u<\/li><li>origine una causa razonable para creer que la\u00a0prenda de vestir, accesorio o arte corporal puede ocasionar una interferencia material y sustancial con las actividades de la escuela o el derecho de otras personas<\/li><\/ul>\t\t\t\t\t\t\t\t<\/div>\n\t\t\t\t<\/div>\n\t\t\t\t\t<\/div>\n\t\t<\/div>\n\t\t\t\t\t<\/div>\n\t\t<\/section>\n\t\t\t\t<\/div>\n\t\t","protected":false},"excerpt":{"rendered":"<p>Mark Twain Elementary School Uniform Policy Overview The Mark Twain Parents have voted to have a uniform. Children are to wear white, navy, or maroon tops. The bottoms are Khaki or navy blue. Girls may also wear jumpers or skirts that are no shorter than fingertip length. Tennis shoes are highly recommended for safety. La [&hellip;]<\/p>\n","protected":false},"author":2,"featured_media":0,"parent":0,"menu_order":17,"comment_status":"closed","ping_status":"closed","template":"","meta":{"_uag_custom_page_level_css":"","site-sidebar-layout":"no-sidebar","site-content-layout":"page-builder","ast-site-content-layout":"default","site-content-style":"default","site-sidebar-style":"default","ast-global-header-display":"","ast-banner-title-visibility":"","ast-main-header-display":"","ast-hfb-above-header-display":"","ast-hfb-below-header-display":"","ast-hfb-mobile-header-display":"","site-post-title":"disabled","ast-breadcrumbs-content":"","ast-featured-img":"disabled","footer-sml-layout":"","ast-disable-related-posts":"","theme-transparent-header-meta":"default","adv-header-id-meta":"","stick-header-meta":"default","header-above-stick-meta":"","header-main-stick-meta":"","header-below-stick-meta":null,"astra-migrate-meta-layouts":"default","ast-page-background-enabled":"default","ast-page-background-meta":{"desktop":{"background-color":"","background-image":"","background-repeat":"repeat","background-position":"center center","background-size":"auto","background-attachment":"scroll","background-type":"","background-media":"","overlay-type":"","overlay-color":"","overlay-opacity":"","overlay-gradient":""},"tablet":{"background-color":"","background-image":"","background-repeat":"repeat","background-position":"center center","background-size":"auto","background-attachment":"scroll","background-type":"","background-media":"","overlay-type":"","overlay-color":"","overlay-opacity":"","overlay-gradient":""},"mobile":{"background-color":"","background-image":"","background-repeat":"repeat","background-position":"center center","background-size":"auto","background-attachment":"scroll","background-type":"","background-media":"","overlay-type":"","overlay-color":"","overlay-opacity":"","overlay-gradient":""}},"ast-content-background-meta":{"desktop":{"background-color":"var(--ast-global-color-5)","background-image":"","background-repeat":"repeat","background-position":"center center","background-size":"auto","background-attachment":"scroll","background-type":"","background-media":"","overlay-type":"","overlay-color":"","overlay-opacity":"","overlay-gradient":""},"tablet":{"background-color":"var(--ast-global-color-5)","background-image":"","background-repeat":"repeat","background-position":"center center","background-size":"auto","background-attachment":"scroll","background-type":"","background-media":"","overlay-type":"","overlay-color":"","overlay-opacity":"","overlay-gradient":""},"mobile":{"background-color":"var(--ast-global-color-5)","background-image":"","background-repeat":"repeat","background-position":"center center","background-size":"auto","background-attachment":"scroll","background-type":"","background-media":"","overlay-type":"","overlay-color":"","overlay-opacity":"","overlay-gradient":""}},"footnotes":""},"class_list":["post-4692","page","type-page","status-publish","hentry"],"uagb_featured_image_src":{"full":false,"thumbnail":false,"medium":false,"medium_large":false,"large":false,"1536x1536":false,"2048x2048":false},"uagb_author_info":{"display_name":"RISD","author_link":"https:\/\/schools.risd.org\/MarkTwainES\/author\/bprewitt\/"},"uagb_comment_info":0,"uagb_excerpt":"Mark Twain Elementary School Uniform Policy Overview The Mark Twain Parents have voted to have a uniform. Children are to wear white, navy, or maroon tops. The bottoms are Khaki or navy blue. Girls may also wear jumpers or skirts that are no shorter than fingertip length. Tennis shoes are highly recommended for safety. La&hellip;","publishpress_future_action":{"enabled":false,"date":"2026-05-21 10:19:33","action":"change-status","newStatus":"draft","terms":[],"taxonomy":"","extraData":[]},"publishpress_future_workflow_manual_trigger":{"enabledWorkflows":[]},"_links":{"self":[{"href":"https:\/\/schools.risd.org\/MarkTwainES\/wp-json\/wp\/v2\/pages\/4692","targetHints":{"allow":["GET"]}}],"collection":[{"href":"https:\/\/schools.risd.org\/MarkTwainES\/wp-json\/wp\/v2\/pages"}],"about":[{"href":"https:\/\/schools.risd.org\/MarkTwainES\/wp-json\/wp\/v2\/types\/page"}],"author":[{"embeddable":true,"href":"https:\/\/schools.risd.org\/MarkTwainES\/wp-json\/wp\/v2\/users\/2"}],"replies":[{"embeddable":true,"href":"https:\/\/schools.risd.org\/MarkTwainES\/wp-json\/wp\/v2\/comments?post=4692"}],"version-history":[{"count":7,"href":"https:\/\/schools.risd.org\/MarkTwainES\/wp-json\/wp\/v2\/pages\/4692\/revisions"}],"predecessor-version":[{"id":4700,"href":"https:\/\/schools.risd.org\/MarkTwainES\/wp-json\/wp\/v2\/pages\/4692\/revisions\/4700"}],"wp:attachment":[{"href":"https:\/\/schools.risd.org\/MarkTwainES\/wp-json\/wp\/v2\/media?parent=4692"}],"curies":[{"name":"wp","href":"https:\/\/api.w.org\/{rel}","templated":true}]}}