{"id":3108,"date":"2021-09-27T11:29:50","date_gmt":"2021-09-27T16:29:50","guid":{"rendered":"https:\/\/web.risd.org\/schooltestwp3\/?page_id=3108"},"modified":"2025-11-18T15:26:01","modified_gmt":"2025-11-18T21:26:01","slug":"principal","status":"publish","type":"page","link":"https:\/\/schools.risd.org\/RISDAcademy\/principal\/","title":{"rendered":"Principal"},"content":{"rendered":"\t\t<div data-elementor-type=\"wp-page\" data-elementor-id=\"3108\" class=\"elementor elementor-3108\" data-elementor-post-type=\"page\">\n\t\t\t\t\t\t<section class=\"elementor-section elementor-top-section elementor-element elementor-element-1d764cc elementor-section-boxed elementor-section-height-default elementor-section-height-default\" data-id=\"1d764cc\" data-element_type=\"section\" data-e-type=\"section\">\n\t\t\t\t\t\t<div class=\"elementor-container elementor-column-gap-default\">\n\t\t\t\t\t<div class=\"elementor-column elementor-col-33 elementor-top-column elementor-element elementor-element-c0268fd\" data-id=\"c0268fd\" data-element_type=\"column\" data-e-type=\"column\">\n\t\t\t<div class=\"elementor-widget-wrap elementor-element-populated\">\n\t\t\t\t\t\t<div class=\"elementor-element elementor-element-4fb3bc7 elementor-widget elementor-widget-image\" data-id=\"4fb3bc7\" data-element_type=\"widget\" data-e-type=\"widget\" data-widget_type=\"image.default\">\n\t\t\t\t<div class=\"elementor-widget-container\">\n\t\t\t\t\t\t\t\t\t\t\t\t\t\t\t<img decoding=\"async\" src=\"https:\/\/schools.risd.org\/RISDAcademy\/wp-content\/uploads\/sites\/54\/elementor\/thumbs\/Principal-Photos-Template-90-RISD-Academy-Principal-Christine-Gibson-rewlyjewoe9apraowdpcuf2it10nuxgdggspkh9d8k.png\" title=\"RISD Academy Principal Christine Gibson\" alt=\"RISD Academy Principal Christine Gibson\" loading=\"lazy\" \/>\t\t\t\t\t\t\t\t\t\t\t\t\t\t\t<\/div>\n\t\t\t\t<\/div>\n\t\t\t\t\t<\/div>\n\t\t<\/div>\n\t\t\t\t<div class=\"elementor-column elementor-col-66 elementor-top-column elementor-element elementor-element-c0929a0\" data-id=\"c0929a0\" data-element_type=\"column\" data-e-type=\"column\">\n\t\t\t<div class=\"elementor-widget-wrap elementor-element-populated\">\n\t\t\t\t\t\t<div class=\"elementor-element elementor-element-565a07d elementor-widget elementor-widget-heading\" data-id=\"565a07d\" data-element_type=\"widget\" data-e-type=\"widget\" data-widget_type=\"heading.default\">\n\t\t\t\t<div class=\"elementor-widget-container\">\n\t\t\t\t\t<h2 class=\"elementor-heading-title elementor-size-default\">Principal Christine Gibson<\/h2>\t\t\t\t<\/div>\n\t\t\t\t<\/div>\n\t\t\t\t<div class=\"elementor-element elementor-element-addecbe elementor-widget elementor-widget-text-editor\" data-id=\"addecbe\" data-element_type=\"widget\" data-e-type=\"widget\" data-widget_type=\"text-editor.default\">\n\t\t\t\t<div class=\"elementor-widget-container\">\n\t\t\t\t\t\t\t\t\t<p>Dear RISD Academy Students, Parents, Staff,\u00a0<\/p><p>I am so honored to join the wonderful RISD Academy team. I know that together we can face any challenge that comes our way and accomplish great things.\u00a0 It is my goal to allow our learners both young and mature to provide a great light as \u201cEach RISD Academy star shines bright!\u201d<\/p><p>Bilingualism and biliteracy is one of the greatest gifts my family gave to me from a young age. This simple gift has opened many doors in my life\/career. The RISD Academy community has a rich culture which supports the potential of learners who read, write, and speak more than one language.\u00a0 We will connect our homes and schools with a shared goal for every learner to be <strong><em>independent <\/em><\/strong>and <strong><em>successful<\/em><\/strong>. We will remind ourselves that there is power in our words. We will be proud and we will celebrate our value!\u00a0 <em>\u201cThe person who speaks two languages counts as two. El que habla dos lenguas vale por dos.\u201d\u00a0<\/em><\/p><p>I am ready to learn the RISD Academy way. You will see me regularly before, during and after school.\u00a0 I want to hear from you and collaborate with you to make RISD Academy a place that our learners are proud to call their home away from home. We will focus on making every day at school focused, full of learning and memorable for our learners and families.\u00a0<\/p><p>I bring my 18 years of experience education to RISD Academy.\u00a0 I began my career in my home town of El Paso, Texas.\u00a0 I am a proud University of Texas at El Paso graduate &#8211; Go Miners!\u00a0 I continued my journey when I moved to the Dallas area to attend University of Texas at Dallas.\u00a0 The next 17 years in education were spent as a bilingual Pre-K, Kindergarten teacher, Assistant Principal and Principal in Little Elm ISD across several campuses. Some of my greatest accomplishments include my family. My husband Christopher and children Brianna, Alexis and Avery and our growing extended family have made me a better listener and teacher.\u00a0 You have my promise that every decision I make for our RISD students will be made with the same care and attention I would give my own children and grandchildren.\u00a0<\/p><p>Ready, Set, Let\u2019s Shine RISD Academy Stars!\u00a0<\/p><p>With RISD Academy Pride,<\/p><p>Christine Gibson<br \/>Principal\/Lead Learner<\/p>\t\t\t\t\t\t\t\t<\/div>\n\t\t\t\t<\/div>\n\t\t\t\t<div class=\"elementor-element elementor-element-351be6a elementor-widget-divider--view-line elementor-widget elementor-widget-divider\" data-id=\"351be6a\" data-element_type=\"widget\" data-e-type=\"widget\" data-widget_type=\"divider.default\">\n\t\t\t\t<div class=\"elementor-widget-container\">\n\t\t\t\t\t\t\t<div class=\"elementor-divider\">\n\t\t\t<span class=\"elementor-divider-separator\">\n\t\t\t\t\t\t<\/span>\n\t\t<\/div>\n\t\t\t\t\t\t<\/div>\n\t\t\t\t<\/div>\n\t\t\t\t<div class=\"elementor-element elementor-element-a30f14c elementor-widget elementor-widget-text-editor\" data-id=\"a30f14c\" data-element_type=\"widget\" data-e-type=\"widget\" data-widget_type=\"text-editor.default\">\n\t\t\t\t<div class=\"elementor-widget-container\">\n\t\t\t\t\t\t\t\t\t<p>Estimados estudiantes, padres y personal de la Academia RISD,<\/p><p>Me siento muy honrada de unirme al maravilloso equipo de la Academia RISD. S\u00e9 que juntos podemos enfrentar cualquier reto que se nos presente y lograr grandes cosas.\u00a0 Es mi meta permitir que nuestros estudiantes, tanto peque\u00f1os como j\u00f3venes, proporcionen una gran luz mientras &#8220;\u00a1Cada estrella de la Academia RISD brilla!&#8221;<\/p><p>El biling\u00fcismo y el alfabetismo en dos idiomas es uno de los mayores regalos que mi familia me dio desde una edad temprana. Este simple regalo ha abierto muchas puertas en mi vida\/carrera. La comunidad de la Academia RISD tiene una rica cultura que apoya el potencial de los estudiantes que leen, escriben y hablan m\u00e1s de un idioma.\u00a0 Conectaremos nuestros hogares y escuelas con un objetivo compartido para que cada estudiante sea independiente y exitoso. Nos recordaremos a nosotros mismos que hay poder en nuestras palabras. Estaremos orgullosos y celebraremos nuestro valor.\u00a0 &#8221; <em>The person who speaks two languages counts as two<\/em>. El que habla dos lenguas vale por dos&#8221;.<\/p><p>Estoy lista para aprender a la manera de la Academia RISD. Me ver\u00e1s regularmente antes, durante y despu\u00e9s de la escuela.\u00a0 Quiero escucharlos y colaborar con ustedes para hacer de la Academia RISD un lugar al que nuestros estudiantes est\u00e9n orgullosos de llamar su hogar lejos de casa. Nos centraremos en hacer que cada d\u00eda en la escuela se encuentre bien enfocado, est\u00e9 lleno de aprendizaje y sea memorable para nuestros estudiantes y familias.<\/p><p>Traigo mis 18 a\u00f1os de experiencia en educaci\u00f3n a la Academia RISD.\u00a0 Comenc\u00e9 mi carrera en mi ciudad natal de El Paso, Texas.\u00a0 Soy una orgullosa graduada de la Universidad de Texas en El Paso &#8211; <em>\u00a1Go Miners!\u00a0 <\/em>Continu\u00e9 mi carrera cuando me mud\u00e9 al \u00e1rea de Dallas para asistir a la Universidad de Texas en Dallas.\u00a0 Los siguientes 17 a\u00f1os en la educaci\u00f3n los pas\u00e9 como maestra biling\u00fce de Pre-K, Kindergarten, Asistente de Director y Directora en Little Elm ISD a trav\u00e9s de varias escuelas. Algunos de mis mayores logros incluyen a mi familia. Mi esposo Christopher y mis hijas Brianna (28), Alexis (26) y Avery (18) y nuestra creciente familia extendida me han hecho una mejor oyente y maestra.\u00a0 Tienen mi promesa de que cada decisi\u00f3n que tome para nuestros estudiantes de RISD se har\u00e1 con el mismo cuidado y atenci\u00f3n que dar\u00eda a mis propios hijos\/as y nietos\/as.<\/p><p>\u00a1Preparados, listos, a brillar Estrellas de la Academia RISD!<br \/><br \/>Con el orgullo de la Academia RISD,<br \/><br \/>Christine Gibson<br \/>Directora\/Estudiante Principal<\/p>\t\t\t\t\t\t\t\t<\/div>\n\t\t\t\t<\/div>\n\t\t\t\t<div class=\"elementor-element elementor-element-2837e16 elementor-widget elementor-widget-text-editor\" data-id=\"2837e16\" data-element_type=\"widget\" data-e-type=\"widget\" data-widget_type=\"text-editor.default\">\n\t\t\t\t<div class=\"elementor-widget-container\">\n\t\t\t\t\t\t\t\t\t<ul><li><a href=\"mailto:christine.gibson@risd.org\">Email address<\/a><\/li><\/ul>\t\t\t\t\t\t\t\t<\/div>\n\t\t\t\t<\/div>\n\t\t\t\t\t<\/div>\n\t\t<\/div>\n\t\t\t\t\t<\/div>\n\t\t<\/section>\n\t\t\t\t<section class=\"elementor-section elementor-top-section elementor-element elementor-element-999845a elementor-section-boxed elementor-section-height-default elementor-section-height-default\" data-id=\"999845a\" data-element_type=\"section\" data-e-type=\"section\">\n\t\t\t\t\t\t<div class=\"elementor-container elementor-column-gap-default\">\n\t\t\t\t\t<div class=\"elementor-column elementor-col-33 elementor-top-column elementor-element elementor-element-dd702ec\" data-id=\"dd702ec\" data-element_type=\"column\" data-e-type=\"column\">\n\t\t\t<div class=\"elementor-widget-wrap elementor-element-populated\">\n\t\t\t\t\t\t<div class=\"elementor-element elementor-element-a924dbd elementor-widget elementor-widget-image\" data-id=\"a924dbd\" data-element_type=\"widget\" data-e-type=\"widget\" data-widget_type=\"image.default\">\n\t\t\t\t<div class=\"elementor-widget-container\">\n\t\t\t\t\t\t\t\t\t\t\t\t\t\t\t<img decoding=\"async\" src=\"https:\/\/schools.risd.org\/RISDAcademy\/wp-content\/uploads\/sites\/54\/elementor\/thumbs\/Frances-Ruberte-Photo-r75qlkdys3o2o3m56eltt8drd59wp24hkjcgf7t3yc.jpeg\" title=\"Frances Ruberte Photo\" alt=\"Frances Ruberte Photo\" loading=\"lazy\" \/>\t\t\t\t\t\t\t\t\t\t\t\t\t\t\t<\/div>\n\t\t\t\t<\/div>\n\t\t\t\t\t<\/div>\n\t\t<\/div>\n\t\t\t\t<div class=\"elementor-column elementor-col-66 elementor-top-column elementor-element elementor-element-198060d\" data-id=\"198060d\" data-element_type=\"column\" data-e-type=\"column\">\n\t\t\t<div class=\"elementor-widget-wrap elementor-element-populated\">\n\t\t\t\t\t\t<div class=\"elementor-element elementor-element-0b91c77 elementor-widget elementor-widget-heading\" data-id=\"0b91c77\" data-element_type=\"widget\" data-e-type=\"widget\" data-widget_type=\"heading.default\">\n\t\t\t\t<div class=\"elementor-widget-container\">\n\t\t\t\t\t<h2 class=\"elementor-heading-title elementor-size-default\">Assistant Principal Frances Ruberte<\/h2>\t\t\t\t<\/div>\n\t\t\t\t<\/div>\n\t\t\t\t<div class=\"elementor-element elementor-element-3f13f45 elementor-widget elementor-widget-text-editor\" data-id=\"3f13f45\" data-element_type=\"widget\" data-e-type=\"widget\" data-widget_type=\"text-editor.default\">\n\t\t\t\t<div class=\"elementor-widget-container\">\n\t\t\t\t\t\t\t\t\t<p>Hi I am Mrs. Rubert\u00e9, I was born and raised in Ponce, Puerto Rico. All my life I have played sports and thanks to that I was very fortunate to receive a full ride scholarship to the University of Puerto Rico at Cayey to play basketball in college. I majored in accounting and after graduating I realized that there was a void in me that needed to be filled. That&#8217;s when the curiosity to teach started. I completed my alternative certification process from PR and shortly after my husband and I decided to move to Texas in 2015 to start my journey as an educator. Fast forward to 2022, I am starting my 8th year in education and for the first time serving in the role of Assistant Principal. Thanks to my background in sports, I learned that teamwork makes the dream work, it could not apply more to education. I believe that teamwork is key when it comes to raising our scholars to be their best citizens for tomorrow, no classroom teacher alone can do it. We need to work as a community that includes all parents, teachers, and students to make sure they have the best shot at it. I am here to serve and support us working together for the better of our students at The RISD Academy.<\/p>\t\t\t\t\t\t\t\t<\/div>\n\t\t\t\t<\/div>\n\t\t\t\t<div class=\"elementor-element elementor-element-321e912 elementor-widget-divider--view-line elementor-widget elementor-widget-divider\" data-id=\"321e912\" data-element_type=\"widget\" data-e-type=\"widget\" data-widget_type=\"divider.default\">\n\t\t\t\t<div class=\"elementor-widget-container\">\n\t\t\t\t\t\t\t<div class=\"elementor-divider\">\n\t\t\t<span class=\"elementor-divider-separator\">\n\t\t\t\t\t\t<\/span>\n\t\t<\/div>\n\t\t\t\t\t\t<\/div>\n\t\t\t\t<\/div>\n\t\t\t\t<div class=\"elementor-element elementor-element-2eff4e6 elementor-widget elementor-widget-text-editor\" data-id=\"2eff4e6\" data-element_type=\"widget\" data-e-type=\"widget\" data-widget_type=\"text-editor.default\">\n\t\t\t\t<div class=\"elementor-widget-container\">\n\t\t\t\t\t\t\t\t\t<p>Hola soy Mrs. Rubert\u00e9, nacida y criada en Ponce, Puerto Rico. Toda mi vida tuve la oportunidad de participar en deportes y gracias a eso fui muy afortunada y recib\u00ed una beca completa para la Universidad de Puerto Rico en Cayey para jugar baloncesto. Recib\u00ed un grado en contabilidad pero luego de graduarme ten\u00eda un vac\u00edo, faltaba algo en mi vida. Ah\u00ed fue cuando la curiosidad por ense\u00f1ar empez\u00f3. Complete mi certificaci\u00f3n alterna desde PR y mi esposo y yo nos mudamos a Texas en el 2015 para comenzar la carrera. Fast forward a 2022, estar\u00e9 comenzando en mi octavo a\u00f1o en educaci\u00f3n y por primera vez sirviendo como asistente de directora. Gracias a mi pasado participando en deportes aprend\u00ed cu\u00e1n importante es trabajar en equipo y aplica enormemente cuando se trata de educaci\u00f3n. Necesitamos trabajar en equipo todas esas personas que tienen un rol en la educaci\u00f3n del estudiante, padres, maestros, estudiantes y l\u00edderes para que los estudiantes tengan la mejor experiencia y oportunidad posible. Estoy aqu\u00ed para servir y apoyarnos para juntos poder dar lo mejor a nuestros estudiantes de RISD Academy.<\/p>\t\t\t\t\t\t\t\t<\/div>\n\t\t\t\t<\/div>\n\t\t\t\t<div class=\"elementor-element elementor-element-5ef2f56 elementor-widget elementor-widget-text-editor\" data-id=\"5ef2f56\" data-element_type=\"widget\" data-e-type=\"widget\" data-widget_type=\"text-editor.default\">\n\t\t\t\t<div class=\"elementor-widget-container\">\n\t\t\t\t\t\t\t\t\t<ul><li><a href=\"mailto:Frances.Ruberte@risd.org\">Email Address<\/a><\/li><\/ul>\t\t\t\t\t\t\t\t<\/div>\n\t\t\t\t<\/div>\n\t\t\t\t\t<\/div>\n\t\t<\/div>\n\t\t\t\t\t<\/div>\n\t\t<\/section>\n\t\t\t\t<section class=\"elementor-section elementor-top-section elementor-element elementor-element-68ce2bf elementor-section-boxed elementor-section-height-default elementor-section-height-default\" data-id=\"68ce2bf\" data-element_type=\"section\" data-e-type=\"section\">\n\t\t\t\t\t\t<div class=\"elementor-container elementor-column-gap-default\">\n\t\t\t\t\t<div class=\"elementor-column elementor-col-33 elementor-top-column elementor-element elementor-element-f06fd2d\" data-id=\"f06fd2d\" data-element_type=\"column\" data-e-type=\"column\">\n\t\t\t<div class=\"elementor-widget-wrap elementor-element-populated\">\n\t\t\t\t\t\t<div class=\"elementor-element elementor-element-cee984a elementor-widget elementor-widget-image\" data-id=\"cee984a\" data-element_type=\"widget\" data-e-type=\"widget\" data-widget_type=\"image.default\">\n\t\t\t\t<div class=\"elementor-widget-container\">\n\t\t\t\t\t\t\t\t\t\t\t\t\t\t\t<img decoding=\"async\" src=\"https:\/\/schools.risd.org\/RISDAcademy\/wp-content\/uploads\/sites\/54\/elementor\/thumbs\/Allison-Schindler-r75j44xdsou8rwz5gfyllq09i39bcdiauzh18xalhg.jpeg\" title=\"Allison Schindler\" alt=\"Allison Schindler\" loading=\"lazy\" \/>\t\t\t\t\t\t\t\t\t\t\t\t\t\t\t<\/div>\n\t\t\t\t<\/div>\n\t\t\t\t\t<\/div>\n\t\t<\/div>\n\t\t\t\t<div class=\"elementor-column elementor-col-66 elementor-top-column elementor-element elementor-element-3748041\" data-id=\"3748041\" data-element_type=\"column\" data-e-type=\"column\">\n\t\t\t<div class=\"elementor-widget-wrap elementor-element-populated\">\n\t\t\t\t\t\t<div class=\"elementor-element elementor-element-b045989 elementor-widget elementor-widget-heading\" data-id=\"b045989\" data-element_type=\"widget\" data-e-type=\"widget\" data-widget_type=\"heading.default\">\n\t\t\t\t<div class=\"elementor-widget-container\">\n\t\t\t\t\t<h2 class=\"elementor-heading-title elementor-size-default\">Assistant Principal Allison Schindler<br><\/h2>\t\t\t\t<\/div>\n\t\t\t\t<\/div>\n\t\t\t\t<div class=\"elementor-element elementor-element-3e1e4f7 elementor-widget elementor-widget-text-editor\" data-id=\"3e1e4f7\" data-element_type=\"widget\" data-e-type=\"widget\" data-widget_type=\"text-editor.default\">\n\t\t\t\t<div class=\"elementor-widget-container\">\n\t\t\t\t\t\t\t\t\t<p>Hi RISD Academy community! My name is Allison Schindler, and I am so excited to be here. I grew up in New Orleans but have lived in Dallas for the last decade. I joined Richardson ISD in 2016 as a bilingual teacher. My career then led to becoming a math specialist and now an administrator. This is my third year as an assistant principal, and I am looking forward to being a leader at RACD. I believe that all students can achieve success when given the right opportunities and sufficient encouragement- and that is what I am here to do. I plan to enhance student experiences and be a cheerleader for each and every one of our scholars. Let\u2019s have a great school year!<\/p>\t\t\t\t\t\t\t\t<\/div>\n\t\t\t\t<\/div>\n\t\t\t\t<div class=\"elementor-element elementor-element-38185d6 elementor-widget-divider--view-line elementor-widget elementor-widget-divider\" data-id=\"38185d6\" data-element_type=\"widget\" data-e-type=\"widget\" data-widget_type=\"divider.default\">\n\t\t\t\t<div class=\"elementor-widget-container\">\n\t\t\t\t\t\t\t<div class=\"elementor-divider\">\n\t\t\t<span class=\"elementor-divider-separator\">\n\t\t\t\t\t\t<\/span>\n\t\t<\/div>\n\t\t\t\t\t\t<\/div>\n\t\t\t\t<\/div>\n\t\t\t\t<div class=\"elementor-element elementor-element-d708c3a elementor-widget elementor-widget-text-editor\" data-id=\"d708c3a\" data-element_type=\"widget\" data-e-type=\"widget\" data-widget_type=\"text-editor.default\">\n\t\t\t\t<div class=\"elementor-widget-container\">\n\t\t\t\t\t\t\t\t\t<p>Hola comunidad de RISD Academy! Me llamo Allison Schindler y estoy muy emocionada de estar aqu\u00ed. Nac\u00ed en Nueva Orleans, pero he vivido en Dallas durante la \u00faltima d\u00e9cada. Me un\u00ed en RISD en 2016 como una maestra biling\u00fce. Despu\u00e9s de ser una maestra, me convert\u00ed en una especialista de matem\u00e1ticas y ahora soy una administradora. Este es mi tercer a\u00f1o como subdirectora y me alegre ser una l\u00edder en RACD. Creo que todos los estudiantes pueden alcanzar el \u00e9xito cuando se les brindan las oportunidades adecuades y el apoyo necesario, y para eso estoy aqu\u00ed. Planeo mejorar las experiencias de los estudiantes y ser una animadora para cada uno de nuestros estudiantes. \u00a1Que tengamos un excelente a\u00f1o escolar!<\/p>\t\t\t\t\t\t\t\t<\/div>\n\t\t\t\t<\/div>\n\t\t\t\t<div class=\"elementor-element elementor-element-867bb2d elementor-widget elementor-widget-text-editor\" data-id=\"867bb2d\" data-element_type=\"widget\" data-e-type=\"widget\" data-widget_type=\"text-editor.default\">\n\t\t\t\t<div class=\"elementor-widget-container\">\n\t\t\t\t\t\t\t\t\t<ul><li><a href=\"mailto:Allison.Schindler@risd.org\">Email Address<\/a><\/li><\/ul>\t\t\t\t\t\t\t\t<\/div>\n\t\t\t\t<\/div>\n\t\t\t\t\t<\/div>\n\t\t<\/div>\n\t\t\t\t\t<\/div>\n\t\t<\/section>\n\t\t\t\t<\/div>\n\t\t","protected":false},"excerpt":{"rendered":"<p>Principal Christine Gibson Dear RISD Academy Students, Parents, Staff,\u00a0 I am so honored to join the wonderful RISD Academy team. I know that together we can face any challenge that comes our way and accomplish great things.\u00a0 It is my goal to allow our learners both young and mature to provide a great light as [&hellip;]<\/p>\n","protected":false},"author":2,"featured_media":0,"parent":0,"menu_order":39,"comment_status":"closed","ping_status":"closed","template":"","meta":{"_uag_custom_page_level_css":"","site-sidebar-layout":"no-sidebar","site-content-layout":"page-builder","ast-site-content-layout":"default","site-content-style":"default","site-sidebar-style":"default","ast-global-header-display":"","ast-banner-title-visibility":"","ast-main-header-display":"","ast-hfb-above-header-display":"","ast-hfb-below-header-display":"","ast-hfb-mobile-header-display":"","site-post-title":"disabled","ast-breadcrumbs-content":"","ast-featured-img":"disabled","footer-sml-layout":"","ast-disable-related-posts":"","theme-transparent-header-meta":"default","adv-header-id-meta":"","stick-header-meta":"default","header-above-stick-meta":"","header-main-stick-meta":"","header-below-stick-meta":"","astra-migrate-meta-layouts":"default","ast-page-background-enabled":"default","ast-page-background-meta":{"desktop":{"background-color":"","background-image":"","background-repeat":"repeat","background-position":"center center","background-size":"auto","background-attachment":"scroll","background-type":"","background-media":"","overlay-type":"","overlay-color":"","overlay-opacity":"","overlay-gradient":""},"tablet":{"background-color":"","background-image":"","background-repeat":"repeat","background-position":"center center","background-size":"auto","background-attachment":"scroll","background-type":"","background-media":"","overlay-type":"","overlay-color":"","overlay-opacity":"","overlay-gradient":""},"mobile":{"background-color":"","background-image":"","background-repeat":"repeat","background-position":"center center","background-size":"auto","background-attachment":"scroll","background-type":"","background-media":"","overlay-type":"","overlay-color":"","overlay-opacity":"","overlay-gradient":""}},"ast-content-background-meta":{"desktop":{"background-color":"var(--ast-global-color-5)","background-image":"","background-repeat":"repeat","background-position":"center center","background-size":"auto","background-attachment":"scroll","background-type":"","background-media":"","overlay-type":"","overlay-color":"","overlay-opacity":"","overlay-gradient":""},"tablet":{"background-color":"var(--ast-global-color-5)","background-image":"","background-repeat":"repeat","background-position":"center center","background-size":"auto","background-attachment":"scroll","background-type":"","background-media":"","overlay-type":"","overlay-color":"","overlay-opacity":"","overlay-gradient":""},"mobile":{"background-color":"var(--ast-global-color-5)","background-image":"","background-repeat":"repeat","background-position":"center center","background-size":"auto","background-attachment":"scroll","background-type":"","background-media":"","overlay-type":"","overlay-color":"","overlay-opacity":"","overlay-gradient":""}},"footnotes":""},"class_list":["post-3108","page","type-page","status-publish","hentry"],"uagb_featured_image_src":{"full":false,"thumbnail":false,"medium":false,"medium_large":false,"large":false,"1536x1536":false,"2048x2048":false},"uagb_author_info":{"display_name":"RISD","author_link":"https:\/\/schools.risd.org\/RISDAcademy\/author\/bprewitt\/"},"uagb_comment_info":0,"uagb_excerpt":"Principal Christine Gibson Dear RISD Academy Students, Parents, Staff,\u00a0 I am so honored to join the wonderful RISD Academy team. I know that together we can face any challenge that comes our way and accomplish great things.\u00a0 It is my goal to allow our learners both young and mature to provide a great light as&hellip;","publishpress_future_action":{"enabled":false,"date":"2026-04-15 22:51:30","action":"change-status","newStatus":"draft","terms":[],"taxonomy":"","extraData":[]},"publishpress_future_workflow_manual_trigger":{"enabledWorkflows":[]},"_links":{"self":[{"href":"https:\/\/schools.risd.org\/RISDAcademy\/wp-json\/wp\/v2\/pages\/3108","targetHints":{"allow":["GET"]}}],"collection":[{"href":"https:\/\/schools.risd.org\/RISDAcademy\/wp-json\/wp\/v2\/pages"}],"about":[{"href":"https:\/\/schools.risd.org\/RISDAcademy\/wp-json\/wp\/v2\/types\/page"}],"author":[{"embeddable":true,"href":"https:\/\/schools.risd.org\/RISDAcademy\/wp-json\/wp\/v2\/users\/2"}],"replies":[{"embeddable":true,"href":"https:\/\/schools.risd.org\/RISDAcademy\/wp-json\/wp\/v2\/comments?post=3108"}],"version-history":[{"count":81,"href":"https:\/\/schools.risd.org\/RISDAcademy\/wp-json\/wp\/v2\/pages\/3108\/revisions"}],"predecessor-version":[{"id":29798,"href":"https:\/\/schools.risd.org\/RISDAcademy\/wp-json\/wp\/v2\/pages\/3108\/revisions\/29798"}],"wp:attachment":[{"href":"https:\/\/schools.risd.org\/RISDAcademy\/wp-json\/wp\/v2\/media?parent=3108"}],"curies":[{"name":"wp","href":"https:\/\/api.w.org\/{rel}","templated":true}]}}